{"id":3597,"date":"2016-09-14T09:52:38","date_gmt":"2016-09-14T08:52:38","guid":{"rendered":"http:\/\/www.gautena.org\/contacto\/"},"modified":"2017-03-28T18:51:29","modified_gmt":"2017-03-28T16:51:29","slug":"contacto","status":"publish","type":"page","link":"https:\/\/www.gautena.org\/en\/contacto\/","title":{"rendered":"Contact"},"content":{"rendered":"<p>[vc_row css=&#8221;.vc_custom_1473928709909{background-color: #0051ba !important;}&#8221; el_class=&#8221;filatitulo&#8221;][vc_column][vc_column_text el_class=&#8221;textotitulo&#8221;]<\/p>\n<h3 class=\"blanco\" style=\"text-align: center;\">CONTACT<\/h3>\n<p>[\/vc_column_text][\/vc_column][\/vc_row][vc_row foundry_padding=&#8221;pt180 pb180 pt-xs-80 pb-xs-80&#8243; el_class=&#8221;filaformulario&#8221;][vc_column][vc_column_text]<\/p>\n<h3 class=\"azuloscuro\">Contact form<\/h3>\n<p>[\/vc_column_text][vc_column_text]\n                <div class='gf_browser_gecko gform_wrapper' id='gform_wrapper_3' ><a id='gf_3' class='gform_anchor' ><\/a><form method='post' enctype='multipart\/form-data' target='gform_ajax_frame_3' id='gform_3'  action='\/en\/wp-json\/wp\/v2\/pages\/3597#gf_3'>\n                        <div class='gform_body'><ul id='gform_fields_3' class='gform_fields top_label form_sublabel_below description_below'><li id='field_3_20'  class='gfield gf_left_half gfield_contains_required field_sublabel_below field_description_below gfield_visibility_visible' ><label class='gfield_label' for='input_3_20' >Nombre<span class='gfield_required'>*<\/span><\/label><div class='ginput_container ginput_container_text'><input name='input_20' id='input_3_20' type='text' value='' class='medium'   tabindex='49'  aria-required=\"true\" aria-invalid=\"false\" \/><\/div><\/li><li id='field_3_3'  class='gfield gf_right_half gfield_contains_required field_sublabel_below field_description_below gfield_visibility_visible' ><label class='gfield_label' for='input_3_3' >Apellidos<span class='gfield_required'>*<\/span><\/label><div class='ginput_container ginput_container_text'><input name='input_3' id='input_3_3' type='text' value='' class='medium'   tabindex='50'  aria-required=\"true\" aria-invalid=\"false\" \/><\/div><\/li><li id='field_3_9'  class='gfield gf_right_half gfield_contains_required field_sublabel_below field_description_below gfield_visibility_visible' ><label class='gfield_label' for='input_3_9' >Email<span class='gfield_required'>*<\/span><\/label><div class='ginput_container ginput_container_email'>\n                            <input name='input_9' id='input_3_9' type='email' value='' class='medium' tabindex='51'   aria-required=\"true\" aria-invalid=\"false\"\/>\n                        <\/div><\/li><li id='field_3_19'  class='gfield gf_left_half gfield_contains_required field_sublabel_below field_description_below gfield_visibility_visible' ><label class='gfield_label' for='input_3_19' >Tel\u00e9fono<span class='gfield_required'>*<\/span><\/label><div class='ginput_container ginput_container_phone'><input name='input_19' id='input_3_19' type='tel' value='' class='medium' tabindex='52'  aria-required=\"true\" aria-invalid=\"false\" \/><\/div><\/li><li id='field_3_14'  class='gfield gfield_contains_required field_sublabel_below field_description_below gfield_visibility_visible' ><label class='gfield_label' for='input_3_14' >Mensaje<span class='gfield_required'>*<\/span><\/label><div class='ginput_container ginput_container_textarea'><textarea name='input_14' id='input_3_14' class='textarea medium' tabindex='53'    aria-required=\"true\" aria-invalid=\"false\"   rows='10' cols='50'><\/textarea><\/div><\/li><li id='field_3_15'  class='gfield gfield_html gfield_html_formatted gfield_no_follows_desc field_sublabel_below field_description_below gfield_visibility_visible' ><p class=\"condiciones\">\nSus datos personales se incorporan a ficheros de los que es responsable GAUTENA ASOCIACION GUIPUZCOANA DE AUTISMO, con domicilio en C\/ Francisco L\u00f3pez Alen 4 , 20009 San Sebasti\u00e1n (Gipuzkoa), cuya finalidad es la gesti\u00f3n de datos recogidos en los formularios de la p\u00e1gina web, la gesti\u00f3n de contactos, la respuesta a consultas y sugerencias, y permitir la participaci\u00f3n de la persona interesada.\nLa legitimaci\u00f3n para el tratamiento es el consentimiento de la persona interesada manifestado de manera inequ\u00edvoca mediante la cumplimentaci\u00f3n y env\u00edo de un formulario de los disponibles en la p\u00e1gina web.\nSus datos no se ceder\u00e1n a ninguna entidad sin su consentimiento previo.\n\nPuede ejercitar los derechos  de acceso, rectificaci\u00f3n, limitaci\u00f3n de tratamiento, supresi\u00f3n, portabilidad, cancelaci\u00f3n y revocar el consentimiento prestado, dirigiendo escrito con copia de su DNI a la direcci\u00f3n anteriormente citada o al correo electr\u00f3nico:  info@gautena.org.\n\nTambi\u00e9n podr\u00e1 en caso de no ver atendidos sus derechos presentar su reclamaci\u00f3n a la Agencia Espa\u00f1ola de Protecci\u00f3n de Datos.\n\n\n\n<\/p><\/li><li id='field_3_22'  class='gfield field_sublabel_below field_description_below gfield_visibility_visible' ><label class='gfield_label' for='input_3_22' >CAPTCHA<\/label><div id='input_3_22' class='ginput_container ginput_recaptcha' data-sitekey='6LeIcvgqAAAAAN80uRWFQeUgAtlNin01ibaDDBsH'  data-theme='light' data-tabindex='54'><\/div><\/li><li id='field_3_17'  class='gfield gfield_contains_required field_sublabel_below field_description_below gfield_visibility_visible' ><label class='gfield_label'  ><span class='gfield_required'>*<\/span><\/label><div class='ginput_container ginput_container_checkbox'><ul class='gfield_checkbox' id='input_3_17'><li class='gchoice_3_17_1'>\n\t\t\t\t\t\t\t\t<input name='input_17.1' type='checkbox'  value='Acepto las condiciones'  id='choice_3_17_1' tabindex='55'  \/>\n\t\t\t\t\t\t\t\t<label for='choice_3_17_1' id='label_3_17_1'>Acepto las condiciones<\/label>\n\t\t\t\t\t\t\t<\/li><\/ul><\/div><\/li>\n                            <\/ul><\/div>\n        <div class='gform_footer top_label'> <input type='submit' id='gform_submit_button_3' class='gform_button button' value='Enviar' tabindex='56' onclick='if(window[\"gf_submitting_3\"]){return false;}  if( !jQuery(\"#gform_3\")[0].checkValidity || jQuery(\"#gform_3\")[0].checkValidity()){window[\"gf_submitting_3\"]=true;}  ' onkeypress='if( event.keyCode == 13 ){ if(window[\"gf_submitting_3\"]){return false;} if( !jQuery(\"#gform_3\")[0].checkValidity || jQuery(\"#gform_3\")[0].checkValidity()){window[\"gf_submitting_3\"]=true;}  jQuery(\"#gform_3\").trigger(\"submit\",[true]); }' \/> <input type='hidden' name='gform_ajax' value='form_id=3&amp;title=&amp;description=&amp;tabindex=49' \/>\n            <input type='hidden' class='gform_hidden' name='is_submit_3' value='1' \/>\n            <input type='hidden' class='gform_hidden' name='gform_submit' value='3' \/>\n            \n            <input type='hidden' class='gform_hidden' name='gform_unique_id' value='' \/>\n            <input type='hidden' class='gform_hidden' name='state_3' value='WyJbXSIsImVlYzA1OGE2OTM0YzI3OWVlMTIxNzdjNzY0NjFiZjAxIl0=' \/>\n            <input type='hidden' class='gform_hidden' name='gform_target_page_number_3' id='gform_target_page_number_3' value='0' \/>\n            <input type='hidden' class='gform_hidden' name='gform_source_page_number_3' id='gform_source_page_number_3' value='1' \/>\n            <input type='hidden' name='gform_field_values' value='' \/>\n            \n        <\/div>\n                        <\/form>\n                        <\/div>\n                <iframe style='display:none;width:0px;height:0px;' src='about:blank' name='gform_ajax_frame_3' id='gform_ajax_frame_3' title='Ajax Frame'>This iframe contains the logic required to handle Ajax powered Gravity Forms.<\/iframe>\n                <script type='text\/javascript'>jQuery(document).ready(function($){gformInitSpinner( 3, 'https:\/\/www.gautena.org\/wp-content\/plugins\/gravityforms\/images\/spinner.gif' );jQuery('#gform_ajax_frame_3').on('load',function(){var contents = jQuery(this).contents().find('*').html();var is_postback = contents.indexOf('GF_AJAX_POSTBACK') >= 0;if(!is_postback){return;}var form_content = jQuery(this).contents().find('#gform_wrapper_3');var is_confirmation = jQuery(this).contents().find('#gform_confirmation_wrapper_3').length > 0;var is_redirect = contents.indexOf('gformRedirect(){') >= 0;var is_form = form_content.length > 0 && ! is_redirect && ! is_confirmation;if(is_form){jQuery('#gform_wrapper_3').html(form_content.html());if(form_content.hasClass('gform_validation_error')){jQuery('#gform_wrapper_3').addClass('gform_validation_error');} else {jQuery('#gform_wrapper_3').removeClass('gform_validation_error');}setTimeout( function() { \/* delay the scroll by 50 milliseconds to fix a bug in chrome *\/ jQuery(document).scrollTop(jQuery('#gform_wrapper_3').offset().top); }, 50 );if(window['gformInitDatepicker']) {gformInitDatepicker();}if(window['gformInitPriceFields']) {gformInitPriceFields();}var current_page = jQuery('#gform_source_page_number_3').val();gformInitSpinner( 3, 'https:\/\/www.gautena.org\/wp-content\/plugins\/gravityforms\/images\/spinner.gif' );jQuery(document).trigger('gform_page_loaded', [3, current_page]);window['gf_submitting_3'] = false;}else if(!is_redirect){var confirmation_content = jQuery(this).contents().find('.GF_AJAX_POSTBACK').html();if(!confirmation_content){confirmation_content = contents;}setTimeout(function(){jQuery('#gform_wrapper_3').replaceWith(confirmation_content);jQuery(document).scrollTop(jQuery('#gf_3').offset().top);jQuery(document).trigger('gform_confirmation_loaded', [3]);window['gf_submitting_3'] = false;}, 50);}else{jQuery('#gform_3').append(contents);if(window['gformRedirect']) {gformRedirect();}}jQuery(document).trigger('gform_post_render', [3, current_page]);} );} );<\/script><script type='text\/javascript'> if(typeof gf_global == 'undefined') var gf_global = {\"gf_currency_config\":{\"name\":\"Euro\",\"symbol_left\":\"\",\"symbol_right\":\"&#8364;\",\"symbol_padding\":\" \",\"thousand_separator\":\".\",\"decimal_separator\":\",\",\"decimals\":2},\"base_url\":\"https:\\\/\\\/www.gautena.org\\\/wp-content\\\/plugins\\\/gravityforms\",\"number_formats\":[],\"spinnerUrl\":\"https:\\\/\\\/www.gautena.org\\\/wp-content\\\/plugins\\\/gravityforms\\\/images\\\/spinner.gif\"};jQuery(document).bind('gform_post_render', function(event, formId, currentPage){if(formId == 3) {} } );jQuery(document).bind('gform_post_conditional_logic', function(event, formId, fields, isInit){} );<\/script><script type='text\/javascript'> jQuery(document).ready(function(){jQuery(document).trigger('gform_post_render', [3, 1]) } ); <\/script>[\/vc_column_text][\/vc_column][\/vc_row]<\/p>\n","protected":false},"excerpt":{"rendered":"<p>[vc_row css=&#8221;.vc_custom_1473928709909{background-color: #0051ba !important;}&#8221; el_class=&#8221;filatitulo&#8221;][vc_column][vc_column_text el_class=&#8221;textotitulo&#8221;] CONTACT [\/vc_column_text][\/vc_column][\/vc_row][vc_row foundry_padding=&#8221;pt180 pb180 pt-xs-80 pb-xs-80&#8243; el_class=&#8221;filaformulario&#8221;][vc_column][vc_column_text] Contact form [\/vc_column_text][vc_column_text][\/vc_column_text][\/vc_column][\/vc_row]<\/p>\n","protected":false},"author":488508,"featured_media":3194,"parent":0,"menu_order":0,"comment_status":"closed","ping_status":"closed","template":"","meta":{"footnotes":""},"class_list":["post-3597","page","type-page","status-publish","has-post-thumbnail","hentry"],"jetpack_sharing_enabled":true,"_links":{"self":[{"href":"https:\/\/www.gautena.org\/en\/wp-json\/wp\/v2\/pages\/3597","targetHints":{"allow":["GET"]}}],"collection":[{"href":"https:\/\/www.gautena.org\/en\/wp-json\/wp\/v2\/pages"}],"about":[{"href":"https:\/\/www.gautena.org\/en\/wp-json\/wp\/v2\/types\/page"}],"author":[{"embeddable":true,"href":"https:\/\/www.gautena.org\/en\/wp-json\/wp\/v2\/users\/488508"}],"replies":[{"embeddable":true,"href":"https:\/\/www.gautena.org\/en\/wp-json\/wp\/v2\/comments?post=3597"}],"version-history":[{"count":5,"href":"https:\/\/www.gautena.org\/en\/wp-json\/wp\/v2\/pages\/3597\/revisions"}],"predecessor-version":[{"id":3816,"href":"https:\/\/www.gautena.org\/en\/wp-json\/wp\/v2\/pages\/3597\/revisions\/3816"}],"wp:featuredmedia":[{"embeddable":true,"href":"https:\/\/www.gautena.org\/en\/wp-json\/wp\/v2\/media\/3194"}],"wp:attachment":[{"href":"https:\/\/www.gautena.org\/en\/wp-json\/wp\/v2\/media?parent=3597"}],"curies":[{"name":"wp","href":"https:\/\/api.w.org\/{rel}","templated":true}]}}