{"id":3552,"date":"2017-03-27T18:36:11","date_gmt":"2017-03-27T16:36:11","guid":{"rendered":"http:\/\/www.gautena.org\/autismo\/"},"modified":"2020-02-14T10:54:07","modified_gmt":"2020-02-14T09:54:07","slug":"autismo","status":"publish","type":"page","link":"https:\/\/www.gautena.org\/eu\/autismo\/","title":{"rendered":"Autismoa"},"content":{"rendered":"<p>[vc_row css=&#8221;.vc_custom_1473928709909{background-color: #0051ba !important;}&#8221; el_class=&#8221;filatitulo&#8221;][vc_column][vc_column_text el_class=&#8221;textotitulo&#8221;]<\/p>\n<h3 class=\"blanco\" style=\"text-align: center;\">AUTISMOA<\/h3>\n<p>[\/vc_column_text][\/vc_column][\/vc_row][vc_row el_class=&#8221;filatextoentrada&#8221;][vc_column css=&#8221;.vc_custom_1473932211842{padding-bottom: 50px !important;}&#8221;][vc_column_text]<\/p>\n<p class=\"p1\"><span class=\"s1\">Autismo Europak, 2007ko Osloko Kongresua zela eta, 2000. urteko &#8220;Autismoaren deskribapena&#8221; dokumentua berritzea erabaki zuen. Erakundeak egindako lehen txostena aditu talde batek landu zuen eta taldeko kideetako bat GAUTENAko Zientzia Aholkulari den Joaqu\u00edn Fuentes doktorea izan zen. Berritzearen eskaeraren ondorioz, berriz ere Fuentes medikua kide zuen aditu-talde berri batek, &#8220;Persons with Autism Spectrum Disorders: Identification, Understanding, Intervention&#8221; izeneko testua landu zuen. Txostenak, egungo zientzia-ezagutza oinarri, autismoaren espektroko nahastearen inguruko ikuspuntu eguneratu eta praktikoa eskaintzen du.<\/span><\/p>\n<p>Jarraian gaztelerazko itzulpena aurkituko duzue, Ana Peco-k itzuli duena modu eskuzabal batean: <a href=\"https:\/\/www.gautena.org\/wp-content\/uploads\/2019\/06\/Personas-con-Trastorno-del-Espectro-Autista.pdf\" target=\"_blank\" rel=\"noopener noreferrer\">Personas con Trastorno del Espectro del Autismo: Identificaci\u00f3n, Comprensi\u00f3n e Intervenci\u00f3n.<\/a><\/p>\n<p>Hemen duzue Fuentes doktoreak egindako dokumentu bat AEN eta ikerketaren inguruko hainbat erreferentzia intesgarrirekin: <a href=\"https:\/\/www.gautena.org\/wp-content\/uploads\/2020\/02\/KURSAAL-DR.-FUENTES.pdf\" target=\"_blank\" rel=\"noopener noreferrer\">Investigaci\u00f3n y apoyo en el Autismo: nada sobre m\u00ed, sin m\u00ed\u2026<\/a>[\/vc_column_text][\/vc_column][\/vc_row][vc_row css=&#8221;.vc_custom_1473932007253{margin-top: 75px !important;margin-bottom: 0px !important;padding-top: 75px !important;padding-bottom: 0px !important;}&#8221; el_class=&#8221;filalinksautismo&#8221;][vc_column width=&#8221;1\/3&#8243;][vc_column_text css=&#8221;.vc_custom_1473327227352{margin-bottom: 0px !important;padding-bottom: 0px !important;}&#8221;]<\/p>\n<h5 class=\"p1\"><span class=\"s1\">AUTISMOAREN ESPEKTROKO NAHASMENAREN ALORREKO ERAKUNDEAK<\/span><\/h5>\n<p>[\/vc_column_text][vc_separator color=&#8221;custom&#8221; align=&#8221;align_left&#8221; el_width=&#8221;10&#8243; accent_color=&#8221;#0051ba&#8221; css=&#8221;.vc_custom_1473331232163{padding-top: 0px !important;padding-bottom: 0px !important;}&#8221; el_class=&#8221;separador&#8221;][vc_column_text]<\/p>\n<ul class=\"listagautena\">\n<li><a href=\"http:\/\/www.autismo.org.es\/AE\/default.htm\" target=\"_blank\" rel=\"noopener noreferrer\">Autismo Espainia<\/a><\/li>\n<li><a href=\"http:\/\/http\/\/www.autismeurope.org\" target=\"_blank\" rel=\"noopener noreferrer\">Autismo Europa<\/a><\/li>\n<li><a href=\"http:\/\/http\/\/www.worldautismorganization.org\/es\/introduccion.html\" target=\"_blank\" rel=\"noopener noreferrer\">Autismoaren Mundu Erakundea<\/a><\/li>\n<li><a href=\"http:\/\/http\/\/www.autism-society.org\/site\/PageServer\">Autism Society of America<\/a><\/li>\n<li><a href=\"http:\/\/www.fespau.es\/\" target=\"_blank\" rel=\"noopener noreferrer\">Autisten Gurasoen Elkarteen Espainiako Federazioa<\/a><\/li>\n<li><a href=\"http:\/\/www.nas.org.uk\/\" target=\"_blank\" rel=\"noopener noreferrer\">The National Autistic Sociaty<\/a><\/li>\n<li><a href=\"http:\/\/www.theamericanautismassociation.com\/\" target=\"_blank\" rel=\"noopener noreferrer\">Autismoaren Elkarte Amerikarra<\/a><\/li>\n<li><a href=\"http:\/\/www.asperger.es\/\" target=\"_blank\" rel=\"noopener noreferrer\">Asperger Federazioa Espainia<\/a><\/li>\n<li><a href=\"http:\/\/www.autismo.com\/e107_plugins\/list_new\/list.php\" target=\"_blank\" rel=\"noopener noreferrer\">Autismo.com<\/a><\/li>\n<\/ul>\n<p>[\/vc_column_text][\/vc_column][vc_column width=&#8221;1\/3&#8243;][vc_column_text css=&#8221;.vc_custom_1473327253940{margin-bottom: 0px !important;padding-bottom: 0px !important;}&#8221;]<\/p>\n<h5 class=\"p1\"><span class=\"s1\">ADIMEN URRITASUNAREN ALORREKO ERAKUNDEAK<\/span><\/h5>\n<p>[\/vc_column_text][vc_separator color=&#8221;custom&#8221; align=&#8221;align_left&#8221; el_width=&#8221;10&#8243; accent_color=&#8221;#0051ba&#8221; el_class=&#8221;separador&#8221;][vc_column_text]<\/p>\n<ul class=\"listagautena\">\n<li><a href=\"http:\/\/www.feaps.org\/\" target=\"_blank\" rel=\"noopener noreferrer\">Adimen Urritasuna duten Pertsonen aldeko Erakundeen Espainiako Konfederazioa<\/a><\/li>\n<li><a href=\"http:\/\/www.fevas.org\/\" target=\"_blank\" rel=\"noopener noreferrer\">Adimen Urritasuna duten Pertsonen Euskal Federazioa<\/a><\/li>\n<li><a href=\"http:\/\/www.aaidd.org\/\" target=\"_blank\" rel=\"noopener noreferrer\">American Association on Intellectual and Developmental Disabilities<\/a><\/li>\n<li><a href=\"http:\/\/www.aacap.org\/\" target=\"_blank\" rel=\"noopener noreferrer\">American Academy of Child and Adolescent Psichiatry<\/a><\/li>\n<\/ul>\n<p>[\/vc_column_text][\/vc_column][vc_column width=&#8221;1\/3&#8243;][vc_column_text css=&#8221;.vc_custom_1473327263817{margin-bottom: 0px !important;padding-bottom: 0px !important;}&#8221;]<\/p>\n<h5 class=\"p1\"><span class=\"s1\">URRITASUNAREKIN LOTURIKO BESTE ERAKUNDE BATZUK<\/span><\/h5>\n<p>[\/vc_column_text][vc_separator color=&#8221;custom&#8221; align=&#8221;align_left&#8221; el_width=&#8221;10&#8243; accent_color=&#8221;#0051ba&#8221; el_class=&#8221;separador&#8221;][vc_column_text]<\/p>\n<ul class=\"listagautena\">\n<li><a href=\"http:\/\/www.cermi.es\/cermi\" target=\"_blank\" rel=\"noopener noreferrer\">Urritasuna duten Pertsonen Ordezkarien Espainiako Batzordea<\/a><\/li>\n<li><a href=\"http:\/\/www.aetapi.org\/\" target=\"_blank\" rel=\"noopener noreferrer\">Autismoaren Profesionalen Elkartea<\/a><\/li>\n<\/ul>\n<p>[\/vc_column_text][\/vc_column][\/vc_row][vc_row el_class=&#8221;filalinksautismo&#8221; css=&#8221;.vc_custom_1473327160919{margin-bottom: 100px !important;padding-bottom: 100px !important;}&#8221;][vc_column width=&#8221;1\/3&#8243;][vc_column_text css=&#8221;.vc_custom_1473327274525{margin-bottom: 0px !important;padding-bottom: 0px !important;}&#8221;]<\/p>\n<h5 class=\"p1\"><span class=\"s1\"><b>INFORMAZIO ITURRIAK<\/b><\/span><\/h5>\n<p>[\/vc_column_text][vc_separator color=&#8221;custom&#8221; align=&#8221;align_left&#8221; el_width=&#8221;10&#8243; accent_color=&#8221;#0051ba&#8221; el_class=&#8221;separador&#8221;][vc_column_text]<\/p>\n<ul class=\"listagautena\">\n<li><a href=\"http:\/\/www.siis.net\/es\" target=\"_blank\" rel=\"noopener noreferrer\">SIIS Centro de Documentaci\u00f3n y Estudios<\/a><\/li>\n<li><a href=\"http:\/\/sid.usal.es\/\" target=\"_blank\" rel=\"noopener noreferrer\">Urritasunari buruzko Informazio Zerbitzua<\/a><\/li>\n<li><a href=\"http:\/\/iier.isciii.es\/autismo\" target=\"_blank\" rel=\"noopener noreferrer\">Instituto Carlos III<\/a><\/li>\n<li><a href=\"http:\/\/inico.usal.es\/\" target=\"_blank\" rel=\"noopener noreferrer\">Instituto Universitario de Integraci\u00f3n en la Comunidad<\/a><\/li>\n<li><a href=\"http:\/\/www.ncbi.nlm.nih.gov\/gquery\/gquery.fcgi\" target=\"_blank\" rel=\"noopener noreferrer\">PubMed Central Biblioteca Nacional de Medicina<\/a><\/li>\n<li><a href=\"http:\/\/ericir.syr.edu\/\" target=\"_blank\" rel=\"noopener noreferrer\">The Educator \u00a8s reference Desk<\/a><\/li>\n<li><a href=\"http:\/\/www.education-world.com\/\" target=\"_blank\" rel=\"noopener noreferrer\">Education World<\/a><\/li>\n<li><a href=\"http:\/\/www.eurosur.org\/DOCE\" target=\"_blank\" rel=\"noopener noreferrer\">Hezkuntza-dokumentuak<\/a><\/li>\n<\/ul>\n<p>[\/vc_column_text][\/vc_column][vc_column width=&#8221;1\/3&#8243;][vc_column_text css=&#8221;.vc_custom_1473327281209{margin-bottom: 0px !important;padding-bottom: 0px !important;}&#8221;]<\/p>\n<h5>LAGUNTZA TEKNIKOAK<\/h5>\n<p>[\/vc_column_text][vc_separator color=&#8221;custom&#8221; align=&#8221;align_left&#8221; el_width=&#8221;10&#8243; accent_color=&#8221;#0051ba&#8221; el_class=&#8221;separador&#8221;][vc_column_text]<\/p>\n<ul class=\"listagautena\">\n<li><a href=\"http:\/\/www.ceapat.org\/\" target=\"_blank\" rel=\"noopener noreferrer\">Centro Estatal de Autonom\u00eda Personal y Ayudas T\u00e9cnicas<\/a><\/li>\n<li><a href=\"http:\/\/paidos.rediris.es\/needirectorio\" target=\"_blank\" rel=\"noopener noreferrer\">Necesidades Educativas Especiales<\/a><\/li>\n<li><a href=\"http:\/\/www.webespecial.com\/\" target=\"_blank\" rel=\"noopener noreferrer\">Portal sobre Educaci\u00f3n Especial<\/a><\/li>\n<li><a href=\"http:\/\/www.guiadis.es\/Home.aspx\" target=\"_blank\" rel=\"noopener noreferrer\">Gu\u00eda de Ayudas a la Discapacidad<\/a><\/li>\n<\/ul>\n<p>[\/vc_column_text][\/vc_column][vc_column width=&#8221;1\/3&#8243;][vc_column_text css=&#8221;.vc_custom_1473327288574{margin-bottom: 0px !important;padding-bottom: 0px !important;}&#8221;]<\/p>\n<h5>LIBURUTEGI BEREZIAK<\/h5>\n<p>[\/vc_column_text][vc_separator color=&#8221;custom&#8221; align=&#8221;align_left&#8221; el_width=&#8221;10&#8243; accent_color=&#8221;#0051ba&#8221; el_class=&#8221;separador&#8221;][vc_column_text]<\/p>\n<ul class=\"listagautena\">\n<li><a href=\"http:\/\/www.elkar.com\/\" target=\"_blank\" rel=\"noopener noreferrer\">Bilintx<\/a><\/li>\n<li><a href=\"http:\/\/www.paradox.es\/\" target=\"_blank\" rel=\"noopener noreferrer\">Paradox<\/a><\/li>\n<li><a href=\"http:\/\/www.libreriapedagogica.com\/\" target=\"_blank\" rel=\"noopener noreferrer\">Libreria Pedag\u00d3gica<\/a><\/li>\n<li><a href=\"http:\/\/www.proedinc.com\/customer\/default.aspx\" target=\"_blank\" rel=\"noopener noreferrer\">Pro.ed an International Publisher<\/a><\/li>\n<li><a href=\"http:\/\/www.jkp.com\/\" target=\"_blank\" rel=\"noopener noreferrer\">Jessica Kingsley Publishers<\/a><\/li>\n<li><a href=\"http:\/\/www.asperger.net\/\" target=\"_blank\" rel=\"noopener noreferrer\">Autism Asperger Publishing Company<\/a><\/li>\n<li><a href=\"http:\/\/www.woodbinehouse.com\/\" target=\"_blank\" rel=\"noopener noreferrer\">Woodbine house<\/a><\/li>\n<\/ul>\n<p>[\/vc_column_text][\/vc_column][\/vc_row]<\/p>\n","protected":false},"excerpt":{"rendered":"<p>[vc_row css=&#8221;.vc_custom_1473928709909{background-color: #0051ba !important;}&#8221; el_class=&#8221;filatitulo&#8221;][vc_column][vc_column_text el_class=&#8221;textotitulo&#8221;] AUTISMOA [\/vc_column_text][\/vc_column][\/vc_row][vc_row el_class=&#8221;filatextoentrada&#8221;][vc_column css=&#8221;.vc_custom_1473932211842{padding-bottom: 50px !important;}&#8221;][vc_column_text] Autismo Europak, 2007ko Osloko Kongresua zela eta, 2000. urteko&#8230;<\/p>\n","protected":false},"author":488508,"featured_media":3093,"parent":0,"menu_order":0,"comment_status":"closed","ping_status":"closed","template":"","meta":{"footnotes":""},"class_list":["post-3552","page","type-page","status-publish","has-post-thumbnail","hentry"],"jetpack_sharing_enabled":true,"_links":{"self":[{"href":"https:\/\/www.gautena.org\/eu\/wp-json\/wp\/v2\/pages\/3552","targetHints":{"allow":["GET"]}}],"collection":[{"href":"https:\/\/www.gautena.org\/eu\/wp-json\/wp\/v2\/pages"}],"about":[{"href":"https:\/\/www.gautena.org\/eu\/wp-json\/wp\/v2\/types\/page"}],"author":[{"embeddable":true,"href":"https:\/\/www.gautena.org\/eu\/wp-json\/wp\/v2\/users\/488508"}],"replies":[{"embeddable":true,"href":"https:\/\/www.gautena.org\/eu\/wp-json\/wp\/v2\/comments?post=3552"}],"version-history":[{"count":24,"href":"https:\/\/www.gautena.org\/eu\/wp-json\/wp\/v2\/pages\/3552\/revisions"}],"predecessor-version":[{"id":6010,"href":"https:\/\/www.gautena.org\/eu\/wp-json\/wp\/v2\/pages\/3552\/revisions\/6010"}],"wp:featuredmedia":[{"embeddable":true,"href":"https:\/\/www.gautena.org\/eu\/wp-json\/wp\/v2\/media\/3093"}],"wp:attachment":[{"href":"https:\/\/www.gautena.org\/eu\/wp-json\/wp\/v2\/media?parent=3552"}],"curies":[{"name":"wp","href":"https:\/\/api.w.org\/{rel}","templated":true}]}}