{"id":3606,"date":"2016-10-04T14:31:45","date_gmt":"2016-10-04T12:31:45","guid":{"rendered":"http:\/\/www.gautena.org\/colaborar-como-voluntario\/"},"modified":"2017-03-28T12:15:30","modified_gmt":"2017-03-28T10:15:30","slug":"elkarlan-egin-boluntario-gisa","status":"publish","type":"page","link":"https:\/\/www.gautena.org\/eu\/elkarlan-egin-boluntario-gisa\/","title":{"rendered":"Gautenarekin elkarlan egin boluntario gisa"},"content":{"rendered":"<p>[vc_row css=&#8221;.vc_custom_1473928709909{background-color: #0051ba !important;}&#8221; el_class=&#8221;filatitulo&#8221;][vc_column][vc_column_text el_class=&#8221;textotitulo&#8221;]<\/p>\n<h3 class=\"blanco\" style=\"text-align: center;\">ELKARLAN EGIN BOLUNTARIO GISA<\/h3>\n<p>[\/vc_column_text][\/vc_column][\/vc_row][vc_row el_class=&#8221;filagautena&#8221;][vc_column][vc_column_text]<\/p>\n<p class=\"p1\"><span class=\"s1\">Zure ezagutzak eta zure denboraren zati txiki bat kolektibo honetako pertsonentzat ekimen eta jarduerak garatzen laguntzeari eskainiz. <strong>GAUTENA<\/strong>n boluntario izan nahi baduzu, inprimakia bete eta ahalik eta azkarren jarriko gara zurekin harremanetan.<\/span><\/p>\n<p>[\/vc_column_text][\/vc_column][\/vc_row][vc_row el_class=&#8221;filagautena2&#8243; css=&#8221;.vc_custom_1473332239094{margin-bottom: 50px !important;}&#8221;][vc_column css=&#8221;.vc_custom_1473332247248{margin-bottom: 50px !important;}&#8221;][vc_column_text]\n                <div class='gf_browser_gecko gform_wrapper' id='gform_wrapper_1' ><a id='gf_1' class='gform_anchor' ><\/a><form method='post' enctype='multipart\/form-data' target='gform_ajax_frame_1' id='gform_1'  action='\/eu\/wp-json\/wp\/v2\/pages\/3606#gf_1'>\n                        <div class='gform_body'><ul id='gform_fields_1' class='gform_fields top_label form_sublabel_below description_below'><li id='field_1_1'  class='gfield gfield_html gfield_html_formatted gfield_no_follows_desc field_sublabel_below field_description_below gfield_visibility_visible' ><h5>Afirmo que quiero ser voluntario\/a de GAUTENA\n<\/h5><\/li><li id='field_1_18'  class='gfield gfield_html gfield_html_formatted gfield_no_follows_desc field_sublabel_below field_description_below gfield_visibility_visible' ><h5>Datos personales:<\/h5><\/li><li id='field_1_2'  class='gfield gf_left_half gfield_contains_required field_sublabel_below field_description_below gfield_visibility_visible' ><label class='gfield_label' for='input_1_2' >Nombre<span class='gfield_required'>*<\/span><\/label><div class='ginput_container ginput_container_text'><input name='input_2' id='input_1_2' type='text' value='' class='medium'   tabindex='49'  aria-required=\"true\" aria-invalid=\"false\" \/><\/div><\/li><li id='field_1_3'  class='gfield gf_right_half gfield_contains_required field_sublabel_below field_description_below gfield_visibility_visible' ><label class='gfield_label' for='input_1_3' >Apellidos<span class='gfield_required'>*<\/span><\/label><div class='ginput_container ginput_container_text'><input name='input_3' id='input_1_3' type='text' value='' class='medium'   tabindex='50'  aria-required=\"true\" aria-invalid=\"false\" \/><\/div><\/li><li id='field_1_4'  class='gfield gf_left_half gfield_contains_required field_sublabel_below field_description_below gfield_visibility_visible' ><label class='gfield_label' for='input_1_4' >DNI<span class='gfield_required'>*<\/span><\/label><div class='ginput_container ginput_container_text'><input name='input_4' id='input_1_4' type='text' value='' class='medium'   tabindex='51'  aria-required=\"true\" aria-invalid=\"false\" \/><\/div><\/li><li id='field_1_5'  class='gfield gf_right_half field_sublabel_below field_description_below gfield_visibility_visible' ><label class='gfield_label' for='input_1_5' >Tel\u00e9fono<\/label><div class='ginput_container ginput_container_phone'><input name='input_5' id='input_1_5' type='tel' value='' class='medium' tabindex='52'   aria-invalid=\"false\" \/><\/div><\/li><li id='field_1_6'  class='gfield gf_left_half field_sublabel_below field_description_below gfield_visibility_visible' ><label class='gfield_label' for='input_1_6' >Domicilio<\/label><div class='ginput_container ginput_container_text'><input name='input_6' id='input_1_6' type='text' value='' class='medium'   tabindex='53'   aria-invalid=\"false\" \/><\/div><\/li><li id='field_1_7'  class='gfield gf_right_half field_sublabel_below field_description_below gfield_visibility_visible' ><label class='gfield_label' for='input_1_7' >Localidad<\/label><div class='ginput_container ginput_container_text'><input name='input_7' id='input_1_7' type='text' value='' class='medium'   tabindex='54'   aria-invalid=\"false\" \/><\/div><\/li><li id='field_1_8'  class='gfield gf_left_half field_sublabel_below field_description_below gfield_visibility_visible' ><label class='gfield_label' for='input_1_8' >C.P<\/label><div class='ginput_container ginput_container_text'><input name='input_8' id='input_1_8' type='text' value='' class='medium'   tabindex='55'   aria-invalid=\"false\" \/><\/div><\/li><li id='field_1_9'  class='gfield gf_right_half field_sublabel_below field_description_below gfield_visibility_visible' ><label class='gfield_label' for='input_1_9' >Email<\/label><div class='ginput_container ginput_container_email'>\n                            <input name='input_9' id='input_1_9' type='email' value='' class='medium' tabindex='56'    aria-invalid=\"false\"\/>\n                        <\/div><\/li><li id='field_1_10'  class='gfield gfield_html gfield_html_formatted gfield_no_follows_desc field_sublabel_below field_description_below gfield_visibility_visible' ><h5>Zona geogr\u00e1fica<\/h5><\/li><li id='field_1_11'  class='gfield gf_left_half gfield_contains_required field_sublabel_below field_description_below gfield_visibility_visible' ><label class='gfield_label' for='input_1_11' >Zona geogr\u00e1fica de actuaci\u00f3n<span class='gfield_required'>*<\/span><\/label><div class='ginput_container ginput_container_text'><input name='input_11' id='input_1_11' type='text' value='' class='medium'   tabindex='57'  aria-required=\"true\" aria-invalid=\"false\" \/><\/div><\/li><li id='field_1_12'  class='gfield gf_right_half field_sublabel_below field_description_below gfield_visibility_visible' ><label class='gfield_label'  >Colectivo preferente:<\/label><div class='ginput_container ginput_container_checkbox'><ul class='gfield_checkbox' id='input_1_12'><li class='gchoice_1_12_1'>\n\t\t\t\t\t\t\t\t<input name='input_12.1' type='checkbox'  value='Infancia'  id='choice_1_12_1' tabindex='58'  \/>\n\t\t\t\t\t\t\t\t<label for='choice_1_12_1' id='label_1_12_1'>Infancia<\/label>\n\t\t\t\t\t\t\t<\/li><li class='gchoice_1_12_2'>\n\t\t\t\t\t\t\t\t<input name='input_12.2' type='checkbox'  value='Juventud'  id='choice_1_12_2' tabindex='59'  \/>\n\t\t\t\t\t\t\t\t<label for='choice_1_12_2' id='label_1_12_2'>Juventud<\/label>\n\t\t\t\t\t\t\t<\/li><li class='gchoice_1_12_3'>\n\t\t\t\t\t\t\t\t<input name='input_12.3' type='checkbox'  value='Adultos'  id='choice_1_12_3' tabindex='60'  \/>\n\t\t\t\t\t\t\t\t<label for='choice_1_12_3' id='label_1_12_3'>Adultos<\/label>\n\t\t\t\t\t\t\t<\/li><\/ul><\/div><\/li><li id='field_1_13'  class='gfield gfield_html gfield_html_formatted gfield_no_follows_desc field_sublabel_below field_description_below gfield_visibility_visible' ><h5>Otros datos:<\/h5><\/li><li id='field_1_14'  class='gfield field_sublabel_below field_description_below gfield_visibility_visible' ><label class='gfield_label' for='input_1_14' >Comentarios<\/label><div class='ginput_container ginput_container_textarea'><textarea name='input_14' id='input_1_14' class='textarea medium' tabindex='61'     aria-invalid=\"false\"   rows='10' cols='50'><\/textarea><\/div><\/li><li id='field_1_15'  class='gfield gfield_html gfield_html_formatted gfield_no_follows_desc field_sublabel_below field_description_below gfield_visibility_visible' ><p class=\"condiciones\">\nSus datos personales se incorporan a ficheros de los que es responsable GAUTENA ASOCIACION GUIPUZCOANA DE AUTISMO, con domicilio en C\/ Francisco L\u00f3pez Alen 4 , 20009 San Sebasti\u00e1n (Gipuzkoa), cuya finalidad es la gesti\u00f3n de datos recogidos en los formularios de la p\u00e1gina web, la gesti\u00f3n de contactos, la respuesta a consultas y sugerencias, y permitir la participaci\u00f3n de la persona interesada.\nLa legitimaci\u00f3n para el tratamiento es el consentimiento de la persona interesada manifestado de manera inequ\u00edvoca mediante la cumplimentaci\u00f3n y env\u00edo de un formulario de los disponibles en la p\u00e1gina web.\nSus datos no se ceder\u00e1n a ninguna entidad sin su consentimiento previo.\n\nPuede ejercitar los derechos  de acceso, rectificaci\u00f3n, limitaci\u00f3n de tratamiento, supresi\u00f3n, portabilidad, cancelaci\u00f3n y revocar el consentimiento prestado, dirigiendo escrito con copia de su DNI a la direcci\u00f3n anteriormente citada o al correo electr\u00f3nico:  info@gautena.org.\n\nTambi\u00e9n podr\u00e1 en caso de no ver atendidos sus derechos presentar su reclamaci\u00f3n a la Agencia Espa\u00f1ola de Protecci\u00f3n de Datos.\n\n\n\n\n<\/p><\/li><li id='field_1_17'  class='gfield gfield_contains_required field_sublabel_below field_description_below gfield_visibility_visible' ><label class='gfield_label'  ><span class='gfield_required'>*<\/span><\/label><div class='ginput_container ginput_container_checkbox'><ul class='gfield_checkbox' id='input_1_17'><li class='gchoice_1_17_1'>\n\t\t\t\t\t\t\t\t<input name='input_17.1' type='checkbox'  value='Acepto las condiciones'  id='choice_1_17_1' tabindex='62'  \/>\n\t\t\t\t\t\t\t\t<label for='choice_1_17_1' id='label_1_17_1'>Acepto las condiciones<\/label>\n\t\t\t\t\t\t\t<\/li><\/ul><\/div><\/li><li id='field_1_19'  class='gfield field_sublabel_below field_description_below gfield_visibility_visible' ><label class='gfield_label' for='input_1_19' >CAPTCHA<\/label><div id='input_1_19' class='ginput_container ginput_recaptcha' data-sitekey='6LeIcvgqAAAAAN80uRWFQeUgAtlNin01ibaDDBsH'  data-theme='light' data-tabindex='63'><\/div><\/li>\n                            <\/ul><\/div>\n        <div class='gform_footer top_label'> <input type='submit' id='gform_submit_button_1' class='gform_button button' value='Enviar' tabindex='64' onclick='if(window[\"gf_submitting_1\"]){return false;}  if( !jQuery(\"#gform_1\")[0].checkValidity || jQuery(\"#gform_1\")[0].checkValidity()){window[\"gf_submitting_1\"]=true;}  ' onkeypress='if( event.keyCode == 13 ){ if(window[\"gf_submitting_1\"]){return false;} if( !jQuery(\"#gform_1\")[0].checkValidity || jQuery(\"#gform_1\")[0].checkValidity()){window[\"gf_submitting_1\"]=true;}  jQuery(\"#gform_1\").trigger(\"submit\",[true]); }' \/> <input type='hidden' name='gform_ajax' value='form_id=1&amp;title=&amp;description=&amp;tabindex=49' \/>\n            <input type='hidden' class='gform_hidden' name='is_submit_1' value='1' \/>\n            <input type='hidden' class='gform_hidden' name='gform_submit' value='1' \/>\n            \n            <input type='hidden' class='gform_hidden' name='gform_unique_id' value='' \/>\n            <input type='hidden' class='gform_hidden' name='state_1' value='WyJbXSIsImVlYzA1OGE2OTM0YzI3OWVlMTIxNzdjNzY0NjFiZjAxIl0=' \/>\n            <input type='hidden' class='gform_hidden' name='gform_target_page_number_1' id='gform_target_page_number_1' value='0' \/>\n            <input type='hidden' class='gform_hidden' name='gform_source_page_number_1' id='gform_source_page_number_1' value='1' \/>\n            <input type='hidden' name='gform_field_values' value='' \/>\n            \n        <\/div>\n                        <\/form>\n                        <\/div>\n                <iframe style='display:none;width:0px;height:0px;' src='about:blank' name='gform_ajax_frame_1' id='gform_ajax_frame_1' title='Ajax Frame'>This iframe contains the logic required to handle Ajax powered Gravity Forms.<\/iframe>\n                <script type='text\/javascript'>jQuery(document).ready(function($){gformInitSpinner( 1, 'https:\/\/www.gautena.org\/wp-content\/plugins\/gravityforms\/images\/spinner.gif' );jQuery('#gform_ajax_frame_1').on('load',function(){var contents = jQuery(this).contents().find('*').html();var is_postback = contents.indexOf('GF_AJAX_POSTBACK') >= 0;if(!is_postback){return;}var form_content = jQuery(this).contents().find('#gform_wrapper_1');var is_confirmation = jQuery(this).contents().find('#gform_confirmation_wrapper_1').length > 0;var is_redirect = contents.indexOf('gformRedirect(){') >= 0;var is_form = form_content.length > 0 && ! is_redirect && ! is_confirmation;if(is_form){jQuery('#gform_wrapper_1').html(form_content.html());if(form_content.hasClass('gform_validation_error')){jQuery('#gform_wrapper_1').addClass('gform_validation_error');} else {jQuery('#gform_wrapper_1').removeClass('gform_validation_error');}setTimeout( function() { \/* delay the scroll by 50 milliseconds to fix a bug in chrome *\/ jQuery(document).scrollTop(jQuery('#gform_wrapper_1').offset().top); }, 50 );if(window['gformInitDatepicker']) {gformInitDatepicker();}if(window['gformInitPriceFields']) {gformInitPriceFields();}var current_page = jQuery('#gform_source_page_number_1').val();gformInitSpinner( 1, 'https:\/\/www.gautena.org\/wp-content\/plugins\/gravityforms\/images\/spinner.gif' );jQuery(document).trigger('gform_page_loaded', [1, current_page]);window['gf_submitting_1'] = false;}else if(!is_redirect){var confirmation_content = jQuery(this).contents().find('.GF_AJAX_POSTBACK').html();if(!confirmation_content){confirmation_content = contents;}setTimeout(function(){jQuery('#gform_wrapper_1').replaceWith(confirmation_content);jQuery(document).scrollTop(jQuery('#gf_1').offset().top);jQuery(document).trigger('gform_confirmation_loaded', [1]);window['gf_submitting_1'] = false;}, 50);}else{jQuery('#gform_1').append(contents);if(window['gformRedirect']) {gformRedirect();}}jQuery(document).trigger('gform_post_render', [1, current_page]);} );} );<\/script><script type='text\/javascript'> if(typeof gf_global == 'undefined') var gf_global = {\"gf_currency_config\":{\"name\":\"Euro\",\"symbol_left\":\"\",\"symbol_right\":\"&#8364;\",\"symbol_padding\":\" \",\"thousand_separator\":\".\",\"decimal_separator\":\",\",\"decimals\":2},\"base_url\":\"https:\\\/\\\/www.gautena.org\\\/wp-content\\\/plugins\\\/gravityforms\",\"number_formats\":[],\"spinnerUrl\":\"https:\\\/\\\/www.gautena.org\\\/wp-content\\\/plugins\\\/gravityforms\\\/images\\\/spinner.gif\"};jQuery(document).bind('gform_post_render', function(event, formId, currentPage){if(formId == 1) {} } );jQuery(document).bind('gform_post_conditional_logic', function(event, formId, fields, isInit){} );<\/script><script type='text\/javascript'> jQuery(document).ready(function(){jQuery(document).trigger('gform_post_render', [1, 1]) } ); <\/script>[\/vc_column_text][\/vc_column][\/vc_row]<\/p>\n","protected":false},"excerpt":{"rendered":"<p>[vc_row css=&#8221;.vc_custom_1473928709909{background-color: #0051ba !important;}&#8221; el_class=&#8221;filatitulo&#8221;][vc_column][vc_column_text el_class=&#8221;textotitulo&#8221;] ELKARLAN EGIN BOLUNTARIO GISA [\/vc_column_text][\/vc_column][\/vc_row][vc_row el_class=&#8221;filagautena&#8221;][vc_column][vc_column_text] Zure ezagutzak eta zure denboraren zati txiki bat kolektibo&#8230;<\/p>\n","protected":false},"author":488508,"featured_media":2719,"parent":0,"menu_order":0,"comment_status":"closed","ping_status":"closed","template":"","meta":{"footnotes":""},"class_list":["post-3606","page","type-page","status-publish","has-post-thumbnail","hentry"],"jetpack_sharing_enabled":true,"_links":{"self":[{"href":"https:\/\/www.gautena.org\/eu\/wp-json\/wp\/v2\/pages\/3606","targetHints":{"allow":["GET"]}}],"collection":[{"href":"https:\/\/www.gautena.org\/eu\/wp-json\/wp\/v2\/pages"}],"about":[{"href":"https:\/\/www.gautena.org\/eu\/wp-json\/wp\/v2\/types\/page"}],"author":[{"embeddable":true,"href":"https:\/\/www.gautena.org\/eu\/wp-json\/wp\/v2\/users\/488508"}],"replies":[{"embeddable":true,"href":"https:\/\/www.gautena.org\/eu\/wp-json\/wp\/v2\/comments?post=3606"}],"version-history":[{"count":1,"href":"https:\/\/www.gautena.org\/eu\/wp-json\/wp\/v2\/pages\/3606\/revisions"}],"predecessor-version":[{"id":3612,"href":"https:\/\/www.gautena.org\/eu\/wp-json\/wp\/v2\/pages\/3606\/revisions\/3612"}],"wp:featuredmedia":[{"embeddable":true,"href":"https:\/\/www.gautena.org\/eu\/wp-json\/wp\/v2\/media\/2719"}],"wp:attachment":[{"href":"https:\/\/www.gautena.org\/eu\/wp-json\/wp\/v2\/media?parent=3606"}],"curies":[{"name":"wp","href":"https:\/\/api.w.org\/{rel}","templated":true}]}}