{"id":3613,"date":"2016-10-04T15:01:12","date_gmt":"2016-10-04T13:01:12","guid":{"rendered":"http:\/\/www.gautena.org\/colaborar-como-colaborador\/"},"modified":"2017-03-28T12:15:48","modified_gmt":"2017-03-28T10:15:48","slug":"elkarlan-egin-laguntzaile-gisa","status":"publish","type":"page","link":"https:\/\/www.gautena.org\/eu\/gautena\/elkarlan-egin-laguntzaile-gisa\/","title":{"rendered":"Gautenarekin elkarlan egin laguntzaile gisa"},"content":{"rendered":"<p>[vc_row css=&#8221;.vc_custom_1473928709909{background-color: #0051ba !important;}&#8221; el_class=&#8221;filatitulo&#8221;][vc_column][vc_column_text el_class=&#8221;textotitulo&#8221;]<\/p>\n<h3 class=\"blanco\" style=\"text-align: center;\">GAUTENAREKIN ELKARLAN EGIN LAGUNTZAILE GISA<\/h3>\n<p>[\/vc_column_text][\/vc_column][\/vc_row][vc_row el_class=&#8221;filagautena&#8221;][vc_column][vc_column_text]<\/p>\n<p class=\"p1\"><span class=\"s1\">GAUTENA ekonomikoki lagunduz, urteko borondatezko kopuru finko bat ordainduz. <\/span><span class=\"s1\"><br \/>\nPertsona fisikoek zein pertsona juridikoek, dagozkien zerga-kenkarien onura eskuratu ahal izango dute, egindako ekarpenaren gainean. <\/span><span class=\"s1\"><br \/>\nGAUTENAn laguntzaile izan nahi baduzu, deitu telefonoz.\u00a0<\/span><span class=\"s1\">943 21 53 44 edo bidali zure datu pertsonalak eta bankukoak (izen osoa, helbidea, telefonoa, email-a eta kontuaren 20 digituak) <\/span>\u00a0<a href=\"mailto:info@gautena.org\">info@gautena.org<\/a>\u00a0<span class=\"s1\">helbide elektronikora.<\/span><span class=\"s1\"><br \/>\n<\/span><\/p>\n<p class=\"p1\"><span class=\"s1\">Laguntzaile ere izan zintezke ondoko inprimakia betez.<\/span><\/p>\n<p>[\/vc_column_text][\/vc_column][\/vc_row][vc_row el_class=&#8221;filagautena2&#8243; css=&#8221;.vc_custom_1473332239094{margin-bottom: 50px !important;}&#8221;][vc_column css=&#8221;.vc_custom_1473332247248{margin-bottom: 50px !important;}&#8221;][vc_column_text]\n                <div class='gf_browser_gecko gform_wrapper' id='gform_wrapper_2' ><a id='gf_2' class='gform_anchor' ><\/a><form method='post' enctype='multipart\/form-data' target='gform_ajax_frame_2' id='gform_2'  action='\/eu\/wp-json\/wp\/v2\/pages\/3613#gf_2'>\n                        <div class='gform_body'><ul id='gform_fields_2' class='gform_fields top_label form_sublabel_below description_below'><li id='field_2_1'  class='gfield gfield_html gfield_html_formatted gfield_no_follows_desc field_sublabel_below field_description_below gfield_visibility_visible' ><h4>Afirmo que quiero ser colaborador de Gautena<\/h4><\/li><li id='field_2_18'  class='gfield gfield_html gfield_html_formatted gfield_no_follows_desc field_sublabel_below field_description_below gfield_visibility_visible' ><h5>Datos personales:<\/h5><\/li><li id='field_2_2'  class='gfield gf_left_half gfield_contains_required field_sublabel_below field_description_below gfield_visibility_visible' ><label class='gfield_label' for='input_2_2' >Nombre<span class='gfield_required'>*<\/span><\/label><div class='ginput_container ginput_container_text'><input name='input_2' id='input_2_2' type='text' value='' class='medium'   tabindex='49'  aria-required=\"true\" aria-invalid=\"false\" \/><\/div><\/li><li id='field_2_3'  class='gfield gf_right_half gfield_contains_required field_sublabel_below field_description_below gfield_visibility_visible' ><label class='gfield_label' for='input_2_3' >Apellidos<span class='gfield_required'>*<\/span><\/label><div class='ginput_container ginput_container_text'><input name='input_3' id='input_2_3' type='text' value='' class='medium'   tabindex='50'  aria-required=\"true\" aria-invalid=\"false\" \/><\/div><\/li><li id='field_2_4'  class='gfield gf_left_half gfield_contains_required field_sublabel_below field_description_below gfield_visibility_visible' ><label class='gfield_label' for='input_2_4' >DNI<span class='gfield_required'>*<\/span><\/label><div class='ginput_container ginput_container_text'><input name='input_4' id='input_2_4' type='text' value='' class='medium'   tabindex='51'  aria-required=\"true\" aria-invalid=\"false\" \/><\/div><\/li><li id='field_2_5'  class='gfield gf_right_half field_sublabel_below field_description_below gfield_visibility_visible' ><label class='gfield_label' for='input_2_5' >Tel\u00e9fono<\/label><div class='ginput_container ginput_container_phone'><input name='input_5' id='input_2_5' type='tel' value='' class='medium' tabindex='52'   aria-invalid=\"false\" \/><\/div><\/li><li id='field_2_6'  class='gfield gf_left_half field_sublabel_below field_description_below gfield_visibility_visible' ><label class='gfield_label' for='input_2_6' >Domicilio<\/label><div class='ginput_container ginput_container_text'><input name='input_6' id='input_2_6' type='text' value='' class='medium'   tabindex='53'   aria-invalid=\"false\" \/><\/div><\/li><li id='field_2_7'  class='gfield gf_right_half field_sublabel_below field_description_below gfield_visibility_visible' ><label class='gfield_label' for='input_2_7' >Localidad<\/label><div class='ginput_container ginput_container_text'><input name='input_7' id='input_2_7' type='text' value='' class='medium'   tabindex='54'   aria-invalid=\"false\" \/><\/div><\/li><li id='field_2_8'  class='gfield gf_left_half field_sublabel_below field_description_below gfield_visibility_visible' ><label class='gfield_label' for='input_2_8' >C.P<\/label><div class='ginput_container ginput_container_text'><input name='input_8' id='input_2_8' type='text' value='' class='medium'   tabindex='55'   aria-invalid=\"false\" \/><\/div><\/li><li id='field_2_9'  class='gfield gf_right_half field_sublabel_below field_description_below gfield_visibility_visible' ><label class='gfield_label' for='input_2_9' >Email<\/label><div class='ginput_container ginput_container_email'>\n                            <input name='input_9' id='input_2_9' type='email' value='' class='medium' tabindex='56'    aria-invalid=\"false\"\/>\n                        <\/div><\/li><li id='field_2_10'  class='gfield gfield_html gfield_html_formatted gfield_no_follows_desc field_sublabel_below field_description_below gfield_visibility_visible' ><h4>Aportaci\u00f3n econ\u00f3mica<\/h4><\/li><li id='field_2_11'  class='gfield gf_left_half gfield_contains_required field_sublabel_below field_description_below gfield_visibility_visible' ><label class='gfield_label' for='input_2_11' >N\u00ba de cuenta (20 d\u00edgitos)<span class='gfield_required'>*<\/span><\/label><div class='ginput_container ginput_container_text'><input name='input_11' id='input_2_11' type='text' value='' class='medium'   tabindex='57'  aria-required=\"true\" aria-invalid=\"false\" \/><\/div><\/li><li id='field_2_20'  class='gfield gfield_contains_required field_sublabel_below field_description_below gfield_visibility_visible' ><label class='gfield_label' for='input_2_20' >SELECCIONE LA OPCI\u00d3N QUE M\u00c1S LE INTERESE<span class='gfield_required'>*<\/span><\/label><div class='ginput_container ginput_container_multiselect'><select multiple='multiple'  size='7' name='input_20[]' id='input_2_20' class='medium gfield_select' tabindex='58' ><option value='Aportaci\u00f3n puntual' >Aportaci\u00f3n puntual<\/option><option value='Aportaci\u00f3n mensual' >Aportaci\u00f3n mensual<\/option><option value='Aportaci\u00f3n anual (m\u00ednimo 15\u20ac)' >Aportaci\u00f3n anual (m\u00ednimo 15\u20ac)<\/option><\/select><\/div><\/li><li id='field_2_19'  class='gfield gf_left_half gfield_contains_required field_sublabel_below field_description_below gfield_visibility_visible' ><label class='gfield_label' for='input_2_19' >Cantidad en euros<span class='gfield_required'>*<\/span><\/label><div class='ginput_container ginput_container_text'><input name='input_19' id='input_2_19' type='text' value='' class='medium'   tabindex='59'  aria-required=\"true\" aria-invalid=\"false\" \/><\/div><\/li><li id='field_2_14'  class='gfield field_sublabel_below field_description_below gfield_visibility_visible' ><label class='gfield_label' for='input_2_14' >Comentarios<\/label><div class='ginput_container ginput_container_textarea'><textarea name='input_14' id='input_2_14' class='textarea medium' tabindex='60'     aria-invalid=\"false\"   rows='10' cols='50'><\/textarea><\/div><\/li><li id='field_2_15'  class='gfield gfield_html gfield_html_formatted gfield_no_follows_desc field_sublabel_below field_description_below gfield_visibility_visible' ><p class=\"condiciones\">\nSus datos personales se incorporan a ficheros de los que es responsable GAUTENA ASOCIACION GUIPUZCOANA DE AUTISMO, con domicilio en C\/ Francisco L\u00f3pez Alen 4 , 20009 San Sebasti\u00e1n (Gipuzkoa), cuya finalidad es la gesti\u00f3n de datos recogidos en los formularios de la p\u00e1gina web, la gesti\u00f3n de contactos, la respuesta a consultas y sugerencias, y permitir la participaci\u00f3n de la persona interesada.\n\nLa legitimaci\u00f3n para el tratamiento es el consentimiento de la persona interesada manifestado de manera inequ\u00edvoca mediante la cumplimentaci\u00f3n y env\u00edo de un formulario de los disponibles en la p\u00e1gina web.\nSus datos no se ceder\u00e1n a ninguna entidad sin su consentimiento previo.\n\nPuede ejercitar los derechos  de acceso, rectificaci\u00f3n, limitaci\u00f3n de tratamiento, supresi\u00f3n, portabilidad, cancelaci\u00f3n y revocar el consentimiento prestado, dirigiendo escrito con copia de su DNI a la direcci\u00f3n anteriormente citada o al correo electr\u00f3nico:  info@gautena.org.\n\nTambi\u00e9n podr\u00e1 en caso de no ver atendidos sus derechos presentar su reclamaci\u00f3n a la Agencia Espa\u00f1ola de Protecci\u00f3n de Datos.\n\n\n\n<\/p><\/li><li id='field_2_17'  class='gfield gfield_contains_required field_sublabel_below field_description_below gfield_visibility_visible' ><label class='gfield_label'  ><span class='gfield_required'>*<\/span><\/label><div class='ginput_container ginput_container_checkbox'><ul class='gfield_checkbox' id='input_2_17'><li class='gchoice_2_17_1'>\n\t\t\t\t\t\t\t\t<input name='input_17.1' type='checkbox'  value='Acepto las condiciones'  id='choice_2_17_1' tabindex='61'  \/>\n\t\t\t\t\t\t\t\t<label for='choice_2_17_1' id='label_2_17_1'>Acepto las condiciones<\/label>\n\t\t\t\t\t\t\t<\/li><\/ul><\/div><\/li><li id='field_2_23'  class='gfield field_sublabel_below field_description_below gfield_visibility_visible' ><label class='gfield_label' for='input_2_23' >CAPTCHA<\/label><div id='input_2_23' class='ginput_container ginput_recaptcha' data-sitekey='6LeIcvgqAAAAAN80uRWFQeUgAtlNin01ibaDDBsH'  data-theme='light' data-tabindex='62'><\/div><\/li>\n                            <\/ul><\/div>\n        <div class='gform_footer top_label'> <input type='submit' id='gform_submit_button_2' class='gform_button button' value='Enviar' tabindex='63' onclick='if(window[\"gf_submitting_2\"]){return false;}  if( !jQuery(\"#gform_2\")[0].checkValidity || jQuery(\"#gform_2\")[0].checkValidity()){window[\"gf_submitting_2\"]=true;}  ' onkeypress='if( event.keyCode == 13 ){ if(window[\"gf_submitting_2\"]){return false;} if( !jQuery(\"#gform_2\")[0].checkValidity || jQuery(\"#gform_2\")[0].checkValidity()){window[\"gf_submitting_2\"]=true;}  jQuery(\"#gform_2\").trigger(\"submit\",[true]); }' \/> <input type='hidden' name='gform_ajax' value='form_id=2&amp;title=&amp;description=&amp;tabindex=49' \/>\n            <input type='hidden' class='gform_hidden' name='is_submit_2' value='1' \/>\n            <input type='hidden' class='gform_hidden' name='gform_submit' value='2' \/>\n            \n            <input type='hidden' class='gform_hidden' name='gform_unique_id' value='' \/>\n            <input type='hidden' class='gform_hidden' name='state_2' value='WyJbXSIsImVlYzA1OGE2OTM0YzI3OWVlMTIxNzdjNzY0NjFiZjAxIl0=' \/>\n            <input type='hidden' class='gform_hidden' name='gform_target_page_number_2' id='gform_target_page_number_2' value='0' \/>\n            <input type='hidden' class='gform_hidden' name='gform_source_page_number_2' id='gform_source_page_number_2' value='1' \/>\n            <input type='hidden' name='gform_field_values' value='' \/>\n            \n        <\/div>\n                        <\/form>\n                        <\/div>\n                <iframe style='display:none;width:0px;height:0px;' src='about:blank' name='gform_ajax_frame_2' id='gform_ajax_frame_2' title='Ajax Frame'>This iframe contains the logic required to handle Ajax powered Gravity Forms.<\/iframe>\n                <script type='text\/javascript'>jQuery(document).ready(function($){gformInitSpinner( 2, 'https:\/\/www.gautena.org\/wp-content\/plugins\/gravityforms\/images\/spinner.gif' );jQuery('#gform_ajax_frame_2').on('load',function(){var contents = jQuery(this).contents().find('*').html();var is_postback = contents.indexOf('GF_AJAX_POSTBACK') >= 0;if(!is_postback){return;}var form_content = jQuery(this).contents().find('#gform_wrapper_2');var is_confirmation = jQuery(this).contents().find('#gform_confirmation_wrapper_2').length > 0;var is_redirect = contents.indexOf('gformRedirect(){') >= 0;var is_form = form_content.length > 0 && ! is_redirect && ! is_confirmation;if(is_form){jQuery('#gform_wrapper_2').html(form_content.html());if(form_content.hasClass('gform_validation_error')){jQuery('#gform_wrapper_2').addClass('gform_validation_error');} else {jQuery('#gform_wrapper_2').removeClass('gform_validation_error');}setTimeout( function() { \/* delay the scroll by 50 milliseconds to fix a bug in chrome *\/ jQuery(document).scrollTop(jQuery('#gform_wrapper_2').offset().top); }, 50 );if(window['gformInitDatepicker']) {gformInitDatepicker();}if(window['gformInitPriceFields']) {gformInitPriceFields();}var current_page = jQuery('#gform_source_page_number_2').val();gformInitSpinner( 2, 'https:\/\/www.gautena.org\/wp-content\/plugins\/gravityforms\/images\/spinner.gif' );jQuery(document).trigger('gform_page_loaded', [2, current_page]);window['gf_submitting_2'] = false;}else if(!is_redirect){var confirmation_content = jQuery(this).contents().find('.GF_AJAX_POSTBACK').html();if(!confirmation_content){confirmation_content = contents;}setTimeout(function(){jQuery('#gform_wrapper_2').replaceWith(confirmation_content);jQuery(document).scrollTop(jQuery('#gf_2').offset().top);jQuery(document).trigger('gform_confirmation_loaded', [2]);window['gf_submitting_2'] = false;}, 50);}else{jQuery('#gform_2').append(contents);if(window['gformRedirect']) {gformRedirect();}}jQuery(document).trigger('gform_post_render', [2, current_page]);} );} );<\/script><script type='text\/javascript'> if(typeof gf_global == 'undefined') var gf_global = {\"gf_currency_config\":{\"name\":\"Euro\",\"symbol_left\":\"\",\"symbol_right\":\"&#8364;\",\"symbol_padding\":\" \",\"thousand_separator\":\".\",\"decimal_separator\":\",\",\"decimals\":2},\"base_url\":\"https:\\\/\\\/www.gautena.org\\\/wp-content\\\/plugins\\\/gravityforms\",\"number_formats\":[],\"spinnerUrl\":\"https:\\\/\\\/www.gautena.org\\\/wp-content\\\/plugins\\\/gravityforms\\\/images\\\/spinner.gif\"};jQuery(document).bind('gform_post_render', function(event, formId, currentPage){if(formId == 2) {} } );jQuery(document).bind('gform_post_conditional_logic', function(event, formId, fields, isInit){} );<\/script><script type='text\/javascript'> jQuery(document).ready(function(){jQuery(document).trigger('gform_post_render', [2, 1]) } ); <\/script>[\/vc_column_text][\/vc_column][\/vc_row]<\/p>\n","protected":false},"excerpt":{"rendered":"<p>[vc_row css=&#8221;.vc_custom_1473928709909{background-color: #0051ba !important;}&#8221; el_class=&#8221;filatitulo&#8221;][vc_column][vc_column_text el_class=&#8221;textotitulo&#8221;] GAUTENAREKIN ELKARLAN EGIN LAGUNTZAILE GISA [\/vc_column_text][\/vc_column][\/vc_row][vc_row el_class=&#8221;filagautena&#8221;][vc_column][vc_column_text] GAUTENA ekonomikoki lagunduz, urteko borondatezko kopuru finko bat&#8230;<\/p>\n","protected":false},"author":488508,"featured_media":2719,"parent":3649,"menu_order":0,"comment_status":"closed","ping_status":"closed","template":"","meta":{"footnotes":""},"class_list":["post-3613","page","type-page","status-publish","has-post-thumbnail","hentry"],"jetpack_sharing_enabled":true,"_links":{"self":[{"href":"https:\/\/www.gautena.org\/eu\/wp-json\/wp\/v2\/pages\/3613","targetHints":{"allow":["GET"]}}],"collection":[{"href":"https:\/\/www.gautena.org\/eu\/wp-json\/wp\/v2\/pages"}],"about":[{"href":"https:\/\/www.gautena.org\/eu\/wp-json\/wp\/v2\/types\/page"}],"author":[{"embeddable":true,"href":"https:\/\/www.gautena.org\/eu\/wp-json\/wp\/v2\/users\/488508"}],"replies":[{"embeddable":true,"href":"https:\/\/www.gautena.org\/eu\/wp-json\/wp\/v2\/comments?post=3613"}],"version-history":[{"count":2,"href":"https:\/\/www.gautena.org\/eu\/wp-json\/wp\/v2\/pages\/3613\/revisions"}],"predecessor-version":[{"id":3620,"href":"https:\/\/www.gautena.org\/eu\/wp-json\/wp\/v2\/pages\/3613\/revisions\/3620"}],"up":[{"embeddable":true,"href":"https:\/\/www.gautena.org\/eu\/wp-json\/wp\/v2\/pages\/3649"}],"wp:featuredmedia":[{"embeddable":true,"href":"https:\/\/www.gautena.org\/eu\/wp-json\/wp\/v2\/media\/2719"}],"wp:attachment":[{"href":"https:\/\/www.gautena.org\/eu\/wp-json\/wp\/v2\/media?parent=3613"}],"curies":[{"name":"wp","href":"https:\/\/api.w.org\/{rel}","templated":true}]}}