{"id":4962,"date":"2019-01-29T16:51:46","date_gmt":"2019-01-29T15:51:46","guid":{"rendered":"http:\/\/www.gautena.org\/egin-zaitez-bazkide\/"},"modified":"2019-01-30T13:52:23","modified_gmt":"2019-01-30T12:52:23","slug":"egin-zaitez-bazkide","status":"publish","type":"page","link":"https:\/\/www.gautena.org\/eu\/egin-zaitez-bazkide\/","title":{"rendered":"Egin zaitez bazkide!"},"content":{"rendered":"<p>[vc_row css=&#8221;.vc_custom_1548766879851{background-color: #0051ba !important;}&#8221; el_class=&#8221;filatitulo&#8221;][vc_column][vc_column_text el_class=&#8221;textotitulo&#8221;]<\/p>\n<h3 class=\"blanco\" style=\"text-align: center;\">BAZKIDE IZAN NAHI DUT<\/h3>\n<p>[\/vc_column_text][\/vc_column][\/vc_row][vc_row][vc_column][vc_column_text]<strong>GAUTENA<\/strong>k Autismoaren Espektroko Nahastea (AEN) duten pertsonen, antzeko beharrak dituztenen eta beraien familien bizi kalitatea hobetzea du helburu. Aldi berean, gizarte barneratzaile bat eraikitzeko erronkak erakundearen lana gidatzen jarraitzen du. Horretarako zuen laguntza behar dugu.<\/p>\n<p>Zure senideak <strong>GAUTENA<\/strong>ko zerbitzuen laguntza jasotzen badu, egin bazkide:<\/p>\n<p style=\"padding-left: 30px;\">\u2022 Proiektuaren parte izateko<\/p>\n<p style=\"padding-left: 30px;\">\u2022 Denok batera hazi gaitezen<\/p>\n<p style=\"padding-left: 30px;\">\u2022 <strong>GAUTENA<\/strong>ko edo sektoreko beste erakundeek antolatutako jarduerei buruzko informazioa jasotzeko<\/p>\n<p style=\"padding-left: 30px;\">\u2022 Web-orriko gune pribatuko sarrera izateko<\/p>\n<p style=\"padding-left: 30px;\">\u2022 Erakundeak eskainitako formakuntzetan parte hartu ahal izateko<\/p>\n<p style=\"padding-left: 30px;\">\u2022 Guztion artean gizarte bidezkoago bat eraiki dezagun<\/p>\n<p>Edozein kontsultarako 943 21 53 44 telefono zenbakira deitu dezakezue edota zuen datu pertsonalak (izena, helbidea, telefonoa, helbide elektronikoa eta kontu zenbakia) helbide honetara bidali:\u00a0<a href=\"mailto:info@gautena.org\">info@gautena.org<\/a>. Hurrengo galdetegia betetzen ere bazkidetu zaitezkete.[\/vc_column_text]\n                <div class='gf_browser_gecko gform_wrapper' id='gform_wrapper_5' ><form method='post' enctype='multipart\/form-data'  id='gform_5'  action='\/eu\/wp-json\/wp\/v2\/pages\/4962'>\n                        <div class='gform_body'><ul id='gform_fields_5' class='gform_fields top_label form_sublabel_below description_below'><li id='field_5_1'  class='gfield gfield_html gfield_html_formatted gfield_no_follows_desc field_sublabel_below field_description_below gfield_visibility_visible' ><h4>Gautenako bazkide izan nahi dudala baieztatzen dut<\/h4><\/li><li id='field_5_17'  class='gfield gfield_html gfield_html_formatted gfield_no_follows_desc field_sublabel_below field_description_below gfield_visibility_visible' ><h5>Erabiltzailearen izena<\/h5><\/li><li id='field_5_18'  class='gfield gf_left_half gfield_contains_required field_sublabel_below field_description_below gfield_visibility_visible' ><label class='gfield_label' for='input_5_18' >Izena<span class='gfield_required'>*<\/span><\/label><div class='ginput_container ginput_container_text'><input name='input_18' id='input_5_18' type='text' value='' class='medium'     aria-required=\"true\" aria-invalid=\"false\" \/><\/div><\/li><li id='field_5_21'  class='gfield gf_right_half gfield_contains_required field_sublabel_below field_description_below gfield_visibility_visible' ><label class='gfield_label' for='input_5_21' >Abizena<span class='gfield_required'>*<\/span><\/label><div class='ginput_container ginput_container_text'><input name='input_21' id='input_5_21' type='text' value='' class='medium'     aria-required=\"true\" aria-invalid=\"false\" \/><\/div><\/li><li id='field_5_2'  class='gfield gfield_html gfield_html_formatted gfield_no_follows_desc field_sublabel_below field_description_below gfield_visibility_visible' ><h5>Aita, ama edo tutorearen datuak<\/h5><\/li><li id='field_5_3'  class='gfield gf_left_half gfield_contains_required field_sublabel_below field_description_below gfield_visibility_visible' ><label class='gfield_label' for='input_5_3' >Izena<span class='gfield_required'>*<\/span><\/label><div class='ginput_container ginput_container_text'><input name='input_3' id='input_5_3' type='text' value='' class='medium'     aria-required=\"true\" aria-invalid=\"false\" \/><\/div><\/li><li id='field_5_4'  class='gfield gf_right_half gfield_contains_required field_sublabel_below field_description_below gfield_visibility_visible' ><label class='gfield_label' for='input_5_4' >Abizenak<span class='gfield_required'>*<\/span><\/label><div class='ginput_container ginput_container_text'><input name='input_4' id='input_5_4' type='text' value='' class='medium'     aria-required=\"true\" aria-invalid=\"false\" \/><\/div><\/li><li id='field_5_5'  class='gfield gf_left_half gfield_contains_required field_sublabel_below field_description_below gfield_visibility_visible' ><label class='gfield_label' for='input_5_5' >NAN<span class='gfield_required'>*<\/span><\/label><div class='ginput_container ginput_container_text'><input name='input_5' id='input_5_5' type='text' value='' class='medium'     aria-required=\"true\" aria-invalid=\"false\" \/><\/div><\/li><li id='field_5_7'  class='gfield gf_right_half field_sublabel_below field_description_below gfield_visibility_visible' ><label class='gfield_label' for='input_5_7' >Telefonoa<\/label><div class='ginput_container ginput_container_phone'><input name='input_7' id='input_5_7' type='tel' value='' class='medium'    aria-invalid=\"false\" \/><\/div><\/li><li id='field_5_8'  class='gfield gf_left_half field_sublabel_below field_description_below gfield_visibility_visible' ><label class='gfield_label' for='input_5_8' >Helbidea<\/label><div class='ginput_container ginput_container_text'><input name='input_8' id='input_5_8' type='text' value='' class='medium'      aria-invalid=\"false\" \/><\/div><\/li><li id='field_5_9'  class='gfield gf_right_half field_sublabel_below field_description_below gfield_visibility_visible' ><label class='gfield_label' for='input_5_9' >Herria<\/label><div class='ginput_container ginput_container_text'><input name='input_9' id='input_5_9' type='text' value='' class='medium'      aria-invalid=\"false\" \/><\/div><\/li><li id='field_5_10'  class='gfield gf_left_half field_sublabel_below field_description_below gfield_visibility_visible' ><label class='gfield_label' for='input_5_10' >Posta kodea<\/label><div class='ginput_container ginput_container_text'><input name='input_10' id='input_5_10' type='text' value='' class='medium'      aria-invalid=\"false\" \/><\/div><\/li><li id='field_5_11'  class='gfield gf_right_half gfield_contains_required field_sublabel_below field_description_below gfield_visibility_visible' ><label class='gfield_label' for='input_5_11' >Helbide elektronikoa<span class='gfield_required'>*<\/span><\/label><div class='ginput_container ginput_container_email'>\n                            <input name='input_11' id='input_5_11' type='email' value='' class='medium'    aria-required=\"true\" aria-invalid=\"false\"\/>\n                        <\/div><\/li><li id='field_5_15'  class='gfield gfield_html gfield_html_formatted gfield_no_follows_desc field_sublabel_below field_description_below gfield_visibility_visible' ><h5>Bankuko datuak<\/h5><\/li><li id='field_5_20'  class='gfield gf_left_half gfield_contains_required field_sublabel_below field_description_below gfield_visibility_visible' ><label class='gfield_label' for='input_5_20' >Kontuaren jabea<span class='gfield_required'>*<\/span><\/label><div class='ginput_container ginput_container_text'><input name='input_20' id='input_5_20' type='text' value='' class='medium'     aria-required=\"true\" aria-invalid=\"false\" \/><\/div><\/li><li id='field_5_16'  class='gfield gf_left_half gfield_contains_required field_sublabel_below field_description_below gfield_visibility_visible' ><label class='gfield_label' for='input_5_16' >Kontu zenbakia (IBAN + 20 digitu)<span class='gfield_required'>*<\/span><\/label><div class='ginput_container ginput_container_text'><input name='input_16' id='input_5_16' type='text' value='' class='medium'     aria-required=\"true\" aria-invalid=\"false\" \/><\/div><\/li><li id='field_5_12'  class='gfield field_sublabel_below field_description_below gfield_visibility_visible' ><label class='gfield_label' for='input_5_12' >Oharrak<\/label><div class='ginput_container ginput_container_textarea'><textarea name='input_12' id='input_5_12' class='textarea medium'      aria-invalid=\"false\"   rows='10' cols='50'><\/textarea><\/div><\/li><li id='field_5_19'  class='gfield gfield_html gfield_html_formatted gfield_no_follows_desc field_sublabel_below field_description_below gfield_visibility_visible' ><h6>*Bazkide kuota 2026ean: 13,67\u20ac<\/h6><\/li><li id='field_5_13'  class='gfield gfield_html gfield_html_formatted gfield_no_follows_desc field_sublabel_below field_description_below gfield_visibility_visible' ><p class=\"condiciones\">\nSus datos personales se incorporan a ficheros de los que es responsable GAUTENA ASOCIACION GUIPUZCOANA DE AUTISMO, con domicilio en C\/ Francisco L\u00f3pez Alen 4 , 20009 San Sebasti\u00e1n (Gipuzkoa), cuya finalidad es la gesti\u00f3n de datos recogidos en los formularios de la p\u00e1gina web, la gesti\u00f3n de contactos, la respuesta a consultas y sugerencias, y permitir la participaci\u00f3n de la persona interesada.\nLa legitimaci\u00f3n para el tratamiento es el consentimiento de la persona interesada manifestado de manera inequ\u00edvoca mediante la cumplimentaci\u00f3n y env\u00edo de un formulario de los disponibles en la p\u00e1gina web.\nSus datos no se ceder\u00e1n a ninguna entidad sin su consentimiento previo.\n\nPuede ejercitar los derechos  de acceso, rectificaci\u00f3n, limitaci\u00f3n de tratamiento, supresi\u00f3n, portabilidad, cancelaci\u00f3n y revocar el consentimiento prestado, dirigiendo escrito con copia de su DNI a la direcci\u00f3n anteriormente citada o al correo electr\u00f3nico:  info@gautena.org.\n\nTambi\u00e9n podr\u00e1 en caso de no ver atendidos sus derechos presentar su reclamaci\u00f3n a la Agencia Espa\u00f1ola de Protecci\u00f3n de Datos.\n\n\n<\/p><\/li><li id='field_5_14'  class='gfield gfield_contains_required field_sublabel_below field_description_below gfield_visibility_visible' ><label class='gfield_label'  ><span class='gfield_required'>*<\/span><\/label><div class='ginput_container ginput_container_checkbox'><ul class='gfield_checkbox' id='input_5_14'><li class='gchoice_5_14_1'>\n\t\t\t\t\t\t\t\t<input name='input_14.1' type='checkbox'  value='Baldintzak onartzen ditut'  id='choice_5_14_1'   \/>\n\t\t\t\t\t\t\t\t<label for='choice_5_14_1' id='label_5_14_1'>Baldintzak onartzen ditut<\/label>\n\t\t\t\t\t\t\t<\/li><\/ul><\/div><\/li><li id='field_5_22'  class='gfield field_sublabel_below field_description_below gfield_visibility_visible' ><label class='gfield_label' for='input_5_22' >CAPTCHA<\/label><div id='input_5_22' class='ginput_container ginput_recaptcha' data-sitekey='6LeIcvgqAAAAAN80uRWFQeUgAtlNin01ibaDDBsH'  data-theme='light' data-tabindex='0'><\/div><\/li>\n                            <\/ul><\/div>\n        <div class='gform_footer top_label'> <input type='submit' id='gform_submit_button_5' class='gform_button button' value='Enviar' tabindex='1' onclick='if(window[\"gf_submitting_5\"]){return false;}  if( !jQuery(\"#gform_5\")[0].checkValidity || jQuery(\"#gform_5\")[0].checkValidity()){window[\"gf_submitting_5\"]=true;}  ' onkeypress='if( event.keyCode == 13 ){ if(window[\"gf_submitting_5\"]){return false;} if( !jQuery(\"#gform_5\")[0].checkValidity || jQuery(\"#gform_5\")[0].checkValidity()){window[\"gf_submitting_5\"]=true;}  jQuery(\"#gform_5\").trigger(\"submit\",[true]); }' \/> \n            <input type='hidden' class='gform_hidden' name='is_submit_5' value='1' \/>\n            <input type='hidden' class='gform_hidden' name='gform_submit' value='5' \/>\n            \n            <input type='hidden' class='gform_hidden' name='gform_unique_id' value='' \/>\n            <input type='hidden' class='gform_hidden' name='state_5' value='WyJbXSIsImVlYzA1OGE2OTM0YzI3OWVlMTIxNzdjNzY0NjFiZjAxIl0=' \/>\n            <input type='hidden' class='gform_hidden' name='gform_target_page_number_5' id='gform_target_page_number_5' value='0' \/>\n            <input type='hidden' class='gform_hidden' name='gform_source_page_number_5' id='gform_source_page_number_5' value='1' \/>\n            <input type='hidden' name='gform_field_values' value='' \/>\n            \n        <\/div>\n                        <\/form>\n                        <\/div><script type='text\/javascript'> if(typeof gf_global == 'undefined') var gf_global = {\"gf_currency_config\":{\"name\":\"Euro\",\"symbol_left\":\"\",\"symbol_right\":\"&#8364;\",\"symbol_padding\":\" \",\"thousand_separator\":\".\",\"decimal_separator\":\",\",\"decimals\":2},\"base_url\":\"https:\\\/\\\/www.gautena.org\\\/wp-content\\\/plugins\\\/gravityforms\",\"number_formats\":[],\"spinnerUrl\":\"https:\\\/\\\/www.gautena.org\\\/wp-content\\\/plugins\\\/gravityforms\\\/images\\\/spinner.gif\"};jQuery(document).bind('gform_post_render', function(event, formId, currentPage){if(formId == 5) {} } );jQuery(document).bind('gform_post_conditional_logic', function(event, formId, fields, isInit){} );<\/script><script type='text\/javascript'> jQuery(document).ready(function(){jQuery(document).trigger('gform_post_render', [5, 1]) } ); <\/script>[\/vc_column][\/vc_row]<\/p>\n","protected":false},"excerpt":{"rendered":"<p>[vc_row css=&#8221;.vc_custom_1548766879851{background-color: #0051ba !important;}&#8221; el_class=&#8221;filatitulo&#8221;][vc_column][vc_column_text el_class=&#8221;textotitulo&#8221;] BAZKIDE IZAN NAHI DUT [\/vc_column_text][\/vc_column][\/vc_row][vc_row][vc_column][vc_column_text]GAUTENAk Autismoaren Espektroko Nahastea (AEN) duten pertsonen, antzeko beharrak dituztenen eta&#8230;<\/p>\n","protected":false},"author":488508,"featured_media":3275,"parent":0,"menu_order":0,"comment_status":"closed","ping_status":"closed","template":"","meta":{"footnotes":""},"class_list":["post-4962","page","type-page","status-publish","has-post-thumbnail","hentry"],"jetpack_sharing_enabled":true,"_links":{"self":[{"href":"https:\/\/www.gautena.org\/eu\/wp-json\/wp\/v2\/pages\/4962","targetHints":{"allow":["GET"]}}],"collection":[{"href":"https:\/\/www.gautena.org\/eu\/wp-json\/wp\/v2\/pages"}],"about":[{"href":"https:\/\/www.gautena.org\/eu\/wp-json\/wp\/v2\/types\/page"}],"author":[{"embeddable":true,"href":"https:\/\/www.gautena.org\/eu\/wp-json\/wp\/v2\/users\/488508"}],"replies":[{"embeddable":true,"href":"https:\/\/www.gautena.org\/eu\/wp-json\/wp\/v2\/comments?post=4962"}],"version-history":[{"count":6,"href":"https:\/\/www.gautena.org\/eu\/wp-json\/wp\/v2\/pages\/4962\/revisions"}],"predecessor-version":[{"id":4977,"href":"https:\/\/www.gautena.org\/eu\/wp-json\/wp\/v2\/pages\/4962\/revisions\/4977"}],"wp:featuredmedia":[{"embeddable":true,"href":"https:\/\/www.gautena.org\/eu\/wp-json\/wp\/v2\/media\/3275"}],"wp:attachment":[{"href":"https:\/\/www.gautena.org\/eu\/wp-json\/wp\/v2\/media?parent=4962"}],"curies":[{"name":"wp","href":"https:\/\/api.w.org\/{rel}","templated":true}]}}